{"id":1429,"date":"2023-12-08T16:51:35","date_gmt":"2023-12-08T19:51:35","guid":{"rendered":"http:\/\/hospitalsaomiguel.com\/?page_id=1429"},"modified":"2023-12-14T16:39:10","modified_gmt":"2023-12-14T19:39:10","slug":"blog","status":"publish","type":"page","link":"http:\/\/hospitalsaomiguel.com\/index.php\/blog\/","title":{"rendered":"Blog"},"content":{"rendered":"\t\t<div data-elementor-type=\"wp-page\" data-elementor-id=\"1429\" class=\"elementor elementor-1429\" data-elementor-post-type=\"page\">\n\t\t\t\t<div class=\"elementor-element elementor-element-0c72b69 e-flex e-con-boxed e-con e-parent\" data-id=\"0c72b69\" data-element_type=\"container\">\n\t\t\t\t\t<div class=\"e-con-inner\">\n\t\t\t\t<div class=\"elementor-element elementor-element-c2b4ae3 elementor-widget elementor-widget-menu-anchor\" data-id=\"c2b4ae3\" data-element_type=\"widget\" data-widget_type=\"menu-anchor.default\">\n\t\t\t\t<div class=\"elementor-widget-container\">\n\t\t\t\t\t<div class=\"elementor-menu-anchor\" id=\"home\"><\/div>\n\t\t\t\t<\/div>\n\t\t\t\t<\/div>\n\t\t\t\t\t<\/div>\n\t\t\t\t<\/div>\n\t\t\t\t<section class=\"elementor-section elementor-top-section elementor-element elementor-element-e135d29 elementor-section-height-min-height elementor-section-full_width elementor-section-height-default elementor-section-items-middle\" data-id=\"e135d29\" data-element_type=\"section\" data-settings=\"{&quot;background_background&quot;:&quot;classic&quot;}\">\n\t\t\t\t\t\t\t<div class=\"elementor-background-overlay\"><\/div>\n\t\t\t\t\t\t\t<div class=\"elementor-container elementor-column-gap-default\">\n\t\t\t\t\t<div class=\"elementor-column elementor-col-100 elementor-top-column elementor-element elementor-element-6061e2e\" data-id=\"6061e2e\" data-element_type=\"column\">\n\t\t\t<div class=\"elementor-widget-wrap elementor-element-populated\">\n\t\t\t\t\t\t<div class=\"elementor-element elementor-element-73afd5e elementor-widget elementor-widget-heading\" data-id=\"73afd5e\" data-element_type=\"widget\" data-widget_type=\"heading.default\">\n\t\t\t\t<div class=\"elementor-widget-container\">\n\t\t\t<h2 class=\"elementor-heading-title elementor-size-default\">\u00daltimas not\u00edcias<\/h2>\t\t<\/div>\n\t\t\t\t<\/div>\n\t\t\t\t\t<\/div>\n\t\t<\/div>\n\t\t\t\t\t<\/div>\n\t\t<\/section>\n\t\t<div class=\"elementor-element elementor-element-19f86f1 e-flex e-con-boxed e-con e-parent\" data-id=\"19f86f1\" data-element_type=\"container\">\n\t\t\t\t\t<div class=\"e-con-inner\">\n\t\t\t\t<div class=\"elementor-element elementor-element-a44b869 ekit-blog-posts--bg-hover bg-hover-classic elementor-widget elementor-widget-elementskit-blog-posts\" data-id=\"a44b869\" data-element_type=\"widget\" data-widget_type=\"elementskit-blog-posts.default\">\n\t\t\t\t<div class=\"elementor-widget-container\">\n\t\t\t<div class=\"ekit-wid-con\" >        <div id=\"post-items--a44b869\" class=\"row post-items\">\n                    <div class=\"col-lg-4 col-md-6\">\n\n                                    <div class=\"elementskit-post-image-card\">\n                        <div class=\"elementskit-entry-header\">\n                                                            <a href=\"http:\/\/hospitalsaomiguel.com\/index.php\/2023\/12\/07\/ola-mundo\/\" class=\"elementskit-entry-thumb\">\n                                    <img decoding=\"async\" src=\"http:\/\/hospitalsaomiguel.com\/wp-content\/uploads\/2023\/10\/hos_dez_post2-1024x1024.png\" alt=\"Deputado Maur\u00edcio Eskudlark visita Hospital S\u00e3o Miguel\">\n                                <\/a><!-- .elementskit-entry-thumb END -->\n                                                                                                    <div class=\"elementskit-meta-lists elementskit-style-tag\">\n                                        <div class=\"elementskit-single-meta triangle_left\"><span class=\"elementskit-meta-wraper\"><strong>07<\/strong>Dec<\/span><\/div>\n                                    <\/div>\n                                                                                            \n                                                            <div class=\"elementskit-meta-categories\">\n                                    <span class=\"elementskit-meta-wraper\">\n                                        <span><a href=\"http:\/\/hospitalsaomiguel.com\/index.php\/category\/blog\/\" rel=\"category tag\">Blog<\/a><\/span>\n                                    <\/span>\n                                <\/div>\n                            \n\t\t\t\t\t\t\t\t\t\t\t\t\t<\/div><!-- .elementskit-entry-header END -->\n\n\t\t\t\t\t\t<div class=\"elementskit-post-body \">\n\t\t\t\t\t\t\t\t\t\t\t\t\t\t\t\t\t\t\t\t<h2 class=\"entry-title\">\n\t\t\t\t\t<a href=\"http:\/\/hospitalsaomiguel.com\/index.php\/2023\/12\/07\/ola-mundo\/\">\n\t\t\t\t\t\tDeputado Maur\u00edcio Eskudlark visita Hospital S\u00e3o Miguel\t\t\t\t\t<\/a>\n\t\t\t\t<\/h2>\n\t\t\t\t\t\t\t\t\t\t\t\n\t\t\t\t\t\t\t\t\t\t\t\t\t\t\t\t\t\t\t\t\t\t\t\t\t\n\t\t\t\t\t\t\t\t\n\t\t\t\t\t\t\t\t\t\t\t\t\t\t\t\t\t\t\t\t\t\t\t\t\t\t\t\t\t\t\t\t\t\t\t\t\t\t\t<p>???????? Estamos honrados com a visita ilustre do Deputado Estadual Maur\u00edcio&nbsp;@eskudlark&nbsp;ao Hospital S\u00e3o Miguel! \u00c9 um&hellip;<\/p>\n\t\t\t\t\t\t\t\t\t\t\t\t\t\t\t\t\t\t\t\t\t\t                                                            <div class=\"btn-wraper\">\n                                    \n                                                                            <a class=\"elementskit-btn whitespace--normal\" id=\"\" href=\"http:\/\/hospitalsaomiguel.com\/index.php\/2023\/12\/07\/ola-mundo\/\">\n                                        \t                                            Leia mais                                        <\/a>\n                                                                    <\/div>\n                                                    <\/div><!-- .elementskit-post-body END -->\n                    <\/div>\n                \n            <\/div>\n                    <div class=\"col-lg-4 col-md-6\">\n\n                                    <div class=\"elementskit-post-image-card\">\n                        <div class=\"elementskit-entry-header\">\n                                                            <a href=\"http:\/\/hospitalsaomiguel.com\/index.php\/2023\/12\/04\/hospital-sao-miguel-eleito-destaque-empresarial-2023\/\" class=\"elementskit-entry-thumb\">\n                                    <img decoding=\"async\" src=\"http:\/\/hospitalsaomiguel.com\/wp-content\/uploads\/2023\/12\/hos_dez_post1-1024x1024.png\" alt=\"Hospital S\u00e3o Miguel Eleito Destaque Empresarial 2023\">\n                                <\/a><!-- .elementskit-entry-thumb END -->\n                                                                                                    <div class=\"elementskit-meta-lists elementskit-style-tag\">\n                                        <div class=\"elementskit-single-meta triangle_left\"><span class=\"elementskit-meta-wraper\"><strong>04<\/strong>Dec<\/span><\/div>\n                                    <\/div>\n                                                                                            \n                                                            <div class=\"elementskit-meta-categories\">\n                                    <span class=\"elementskit-meta-wraper\">\n                                        <span><a href=\"http:\/\/hospitalsaomiguel.com\/index.php\/category\/blog\/\" rel=\"category tag\">Blog<\/a><\/span>\n                                    <\/span>\n                                <\/div>\n                            \n\t\t\t\t\t\t\t\t\t\t\t\t\t<\/div><!-- .elementskit-entry-header END -->\n\n\t\t\t\t\t\t<div class=\"elementskit-post-body \">\n\t\t\t\t\t\t\t\t\t\t\t\t\t\t\t\t\t\t\t\t<h2 class=\"entry-title\">\n\t\t\t\t\t<a href=\"http:\/\/hospitalsaomiguel.com\/index.php\/2023\/12\/04\/hospital-sao-miguel-eleito-destaque-empresarial-2023\/\">\n\t\t\t\t\t\tHospital S\u00e3o Miguel Eleito Destaque Empresarial 2023\t\t\t\t\t<\/a>\n\t\t\t\t<\/h2>\n\t\t\t\t\t\t\t\t\t\t\t\n\t\t\t\t\t\t\t\t\t\t\t\t\t\t\t\t\t\t\t\t\t\t\t\t\t\n\t\t\t\t\t\t\t\t\n\t\t\t\t\t\t\t\t\t\t\t\t\t\t\t\t\t\t\t\t\t\t\t\t\t\t\t\t\t\t\t\t\t\t\t\t\t\t\t<p>???????? \u00c9 com imenso orgulho que anunciamos uma conquista not\u00e1vel do Hospital S\u00e3o Miguel! Gra\u00e7as \u00e0&hellip;<\/p>\n\t\t\t\t\t\t\t\t\t\t\t\t\t\t\t\t\t\t\t\t\t\t                                                            <div class=\"btn-wraper\">\n                                    \n                                                                            <a class=\"elementskit-btn whitespace--normal\" id=\"\" href=\"http:\/\/hospitalsaomiguel.com\/index.php\/2023\/12\/04\/hospital-sao-miguel-eleito-destaque-empresarial-2023\/\">\n                                        \t                                            Leia mais                                        <\/a>\n                                                                    <\/div>\n                                                    <\/div><!-- .elementskit-post-body END -->\n                    <\/div>\n                \n            <\/div>\n                    <div class=\"col-lg-4 col-md-6\">\n\n                                    <div class=\"elementskit-post-image-card\">\n                        <div class=\"elementskit-entry-header\">\n                                                            <a href=\"http:\/\/hospitalsaomiguel.com\/index.php\/2023\/11\/23\/coleta-de-exames-sanguineos-em-comemoracao-ao-novembro-azul\/\" class=\"elementskit-entry-thumb\">\n                                    <img decoding=\"async\" src=\"http:\/\/hospitalsaomiguel.com\/wp-content\/uploads\/2023\/12\/hos_out_post_novazul1-1-1024x1024.png\" alt=\"Coleta de Exames Sangu\u00edneos em comemora\u00e7\u00e3o ao Novembro Azul\">\n                                <\/a><!-- .elementskit-entry-thumb END -->\n                                                                                                    <div class=\"elementskit-meta-lists elementskit-style-tag\">\n                                        <div class=\"elementskit-single-meta triangle_left\"><span class=\"elementskit-meta-wraper\"><strong>23<\/strong>Nov<\/span><\/div>\n                                    <\/div>\n                                                                                            \n                                                            <div class=\"elementskit-meta-categories\">\n                                    <span class=\"elementskit-meta-wraper\">\n                                        <span><a href=\"http:\/\/hospitalsaomiguel.com\/index.php\/category\/blog\/\" rel=\"category tag\">Blog<\/a><\/span>\n                                    <\/span>\n                                <\/div>\n                            \n\t\t\t\t\t\t\t\t\t\t\t\t\t<\/div><!-- .elementskit-entry-header END -->\n\n\t\t\t\t\t\t<div class=\"elementskit-post-body \">\n\t\t\t\t\t\t\t\t\t\t\t\t\t\t\t\t\t\t\t\t<h2 class=\"entry-title\">\n\t\t\t\t\t<a href=\"http:\/\/hospitalsaomiguel.com\/index.php\/2023\/11\/23\/coleta-de-exames-sanguineos-em-comemoracao-ao-novembro-azul\/\">\n\t\t\t\t\t\tColeta de Exames Sangu\u00edneos em comemora\u00e7\u00e3o ao Novembro Azul\t\t\t\t\t<\/a>\n\t\t\t\t<\/h2>\n\t\t\t\t\t\t\t\t\t\t\t\n\t\t\t\t\t\t\t\t\t\t\t\t\t\t\t\t\t\t\t\t\t\t\t\t\t\n\t\t\t\t\t\t\t\t\n\t\t\t\t\t\t\t\t\t\t\t\t\t\t\t\t\t\t\t\t\t\t\t\t\t\t\t\t\t\t\t\t\t\t\t\t\t\t\t<p>Em alinhamento com o\u00a0#NovembroAzul, o Hospital S\u00e3o Miguel, em parceria com o laborat\u00f3rio\u00a0Biomed, orgulhosamente realizou a&hellip;<\/p>\n\t\t\t\t\t\t\t\t\t\t\t\t\t\t\t\t\t\t\t\t\t\t                                                            <div class=\"btn-wraper\">\n                                    \n                                                                            <a class=\"elementskit-btn whitespace--normal\" id=\"\" href=\"http:\/\/hospitalsaomiguel.com\/index.php\/2023\/11\/23\/coleta-de-exames-sanguineos-em-comemoracao-ao-novembro-azul\/\">\n                                        \t                                            Leia mais                                        <\/a>\n                                                                    <\/div>\n                                                    <\/div><!-- .elementskit-post-body END -->\n                    <\/div>\n                \n            <\/div>\n                <\/div>\n       <\/div>\t\t<\/div>\n\t\t\t\t<\/div>\n\t\t\t\t\t<\/div>\n\t\t\t\t<\/div>\n\t\t\t\t<\/div>\n\t\t","protected":false},"excerpt":{"rendered":"<p>\u00daltimas not\u00edcias 07dez Blog Deputado Maur\u00edcio Eskudlark visita Hospital S\u00e3o Miguel ???????? Estamos honrados com a visita ilustre do Deputado Estadual Maur\u00edcio&nbsp;@eskudlark&nbsp;ao Hospital S\u00e3o Miguel! \u00c9 um&hellip; Leia mais 04dez Blog Hospital S\u00e3o Miguel Eleito Destaque Empresarial 2023 ???????? \u00c9 com imenso orgulho que anunciamos uma conquista not\u00e1vel do Hospital S\u00e3o Miguel! Gra\u00e7as \u00e0&hellip; Leia [&hellip;]<\/p>\n","protected":false},"author":1,"featured_media":0,"parent":0,"menu_order":0,"comment_status":"closed","ping_status":"closed","template":"elementor_header_footer","meta":{"footnotes":""},"class_list":["post-1429","page","type-page","status-publish","hentry"],"_links":{"self":[{"href":"http:\/\/hospitalsaomiguel.com\/index.php\/wp-json\/wp\/v2\/pages\/1429"}],"collection":[{"href":"http:\/\/hospitalsaomiguel.com\/index.php\/wp-json\/wp\/v2\/pages"}],"about":[{"href":"http:\/\/hospitalsaomiguel.com\/index.php\/wp-json\/wp\/v2\/types\/page"}],"author":[{"embeddable":true,"href":"http:\/\/hospitalsaomiguel.com\/index.php\/wp-json\/wp\/v2\/users\/1"}],"replies":[{"embeddable":true,"href":"http:\/\/hospitalsaomiguel.com\/index.php\/wp-json\/wp\/v2\/comments?post=1429"}],"version-history":[{"count":22,"href":"http:\/\/hospitalsaomiguel.com\/index.php\/wp-json\/wp\/v2\/pages\/1429\/revisions"}],"predecessor-version":[{"id":1844,"href":"http:\/\/hospitalsaomiguel.com\/index.php\/wp-json\/wp\/v2\/pages\/1429\/revisions\/1844"}],"wp:attachment":[{"href":"http:\/\/hospitalsaomiguel.com\/index.php\/wp-json\/wp\/v2\/media?parent=1429"}],"curies":[{"name":"wp","href":"https:\/\/api.w.org\/{rel}","templated":true}]}}